{"id":13,"date":"2026-05-16T15:48:26","date_gmt":"2026-05-16T13:48:26","guid":{"rendered":"http:\/\/jubaihaddaden.fr\/?page_id=13"},"modified":"2026-05-16T15:48:26","modified_gmt":"2026-05-16T13:48:26","slug":"a-propos","status":"publish","type":"page","link":"https:\/\/jubaihaddaden.fr\/index.php\/a-propos\/","title":{"rendered":"\u00c0 propos"},"content":{"rendered":"\n<p>Je suis Juba Ihaddaden, \u00e9conomiste \u00e0 T\u00e9rra Nova et au cr\u00e9dit agricole.<\/p>\n\n\n\n<p>Retrouvez-moi sur les r\u00e9seaux sociaux :<\/p>\n\n\n\n<ul class=\"wp-block-list\">\n<li>Linkedin<\/li>\n\n\n\n<li>Instagram<\/li>\n\n\n\n<li>Snapchat<\/li>\n<\/ul>\n","protected":false},"excerpt":{"rendered":"<p>Je suis Juba Ihaddaden, \u00e9conomiste \u00e0 T\u00e9rra Nova et au cr\u00e9dit agricole. Retrouvez-moi sur les r\u00e9seaux sociaux :<\/p>\n","protected":false},"author":1,"featured_media":0,"parent":0,"menu_order":0,"comment_status":"closed","ping_status":"closed","template":"","meta":{"footnotes":""},"class_list":["post-13","page","type-page","status-publish","hentry"],"_links":{"self":[{"href":"https:\/\/jubaihaddaden.fr\/index.php\/wp-json\/wp\/v2\/pages\/13","targetHints":{"allow":["GET"]}}],"collection":[{"href":"https:\/\/jubaihaddaden.fr\/index.php\/wp-json\/wp\/v2\/pages"}],"about":[{"href":"https:\/\/jubaihaddaden.fr\/index.php\/wp-json\/wp\/v2\/types\/page"}],"author":[{"embeddable":true,"href":"https:\/\/jubaihaddaden.fr\/index.php\/wp-json\/wp\/v2\/users\/1"}],"replies":[{"embeddable":true,"href":"https:\/\/jubaihaddaden.fr\/index.php\/wp-json\/wp\/v2\/comments?post=13"}],"version-history":[{"count":1,"href":"https:\/\/jubaihaddaden.fr\/index.php\/wp-json\/wp\/v2\/pages\/13\/revisions"}],"predecessor-version":[{"id":14,"href":"https:\/\/jubaihaddaden.fr\/index.php\/wp-json\/wp\/v2\/pages\/13\/revisions\/14"}],"wp:attachment":[{"href":"https:\/\/jubaihaddaden.fr\/index.php\/wp-json\/wp\/v2\/media?parent=13"}],"curies":[{"name":"wp","href":"https:\/\/api.w.org\/{rel}","templated":true}]}}